{"id":16670,"date":"2021-03-08T13:43:06","date_gmt":"2021-03-08T04:43:06","guid":{"rendered":"https:\/\/www.akita-minzoku-geino.jp\/archives\/puppet"},"modified":"2021-06-14T14:22:57","modified_gmt":"2021-06-14T05:22:57","slug":"puppet","status":"publish","type":"page","link":"https:\/\/www.akita-minzoku-geino.jp\/archives\/puppet\/","title":{"rendered":"Puppet Theater and Kabuki"},"content":{"rendered":"<p>Puppet Theater<br \/>\nPuppet theaters include a diversity of hand-manipulated puppet performances, with the puppets made and used in different ways. Many of them are influenced by Bungaku and Ningy\u014d-J\u014druri. The stories are often taken and dramatized from popular legends or hero stories, which made them popular especially in rural areas. Akita Prefecture has only three examples of puppet theater, all of which started in the former Chokai Town in the late 19th century. In agricultural off-seasons, stages were set up in private houses or in shrines.<\/p>\n<p>Kabuki<br \/>\nKabuki is a popular theater, in which various folkloric arts such as N\u014d play, Ky\u014dgen, and Ningy\u014d-J\u014druri merged. Kabuki in rural areas does not have formalistic or institutionalized systems as do the Edo-Kabuki or the Kamigata-Kabuki (most notably the hereditary systems), but their programs have been much influenced by urban Kabuki traditions. Sometimes just a highlight from a famous Kabuki play is performed in combination with other performing arts.<\/p>\n<p><a href=\"https:\/\/www.akita-minzoku-geino.jp\/archives\/2198-2\">Moritake Kabuki<\/a><br \/>\n<a href=\"https:\/\/www.akita-minzoku-geino.jp\/archives\/2872-2\">Sarukura Puppet Theater (Nonaka-Yoshida Puppet Theater)<\/a><br \/>\n<a href=\"https:\/\/www.akita-minzoku-geino.jp\/archives\/6205-2\">Sarukura Puppet Theater (Kita-Akita City)<\/a><br \/>\n<a href=\"https:\/\/www.akita-minzoku-geino.jp\/archives\/624-2\">\u014cmori Kabuki<\/a><br \/>\n<a href=\"https:\/\/www.akita-minzoku-geino.jp\/archives\/738-2\">Sarukura Puppet Theater (Yurihonjo City)<\/a><\/p>\n","protected":false},"excerpt":{"rendered":"<p>Puppet Theater Puppet theaters include a diversity of hand-manipulated puppet performances, with the puppets made and used in different ways. Many of them are influenced by Bungaku and Ningy\u014d-J\u014druri. The stories are often taken and dramatized from popular legends or hero stories, which made them popular especially in rural areas. Akita Prefecture has only three &hellip;<\/p>\n<p class=\"read-more\"> <a class=\"\" href=\"https:\/\/www.akita-minzoku-geino.jp\/archives\/puppet\/\"> <span class=\"screen-reader-text\">Puppet Theater and Kabuki<\/span> Read More &raquo;<\/a><\/p>\n","protected":false},"author":3,"featured_media":0,"parent":0,"menu_order":0,"comment_status":"closed","ping_status":"closed","template":"","meta":{"site-sidebar-layout":"default","site-content-layout":"default","ast-global-header-display":"","ast-banner-title-visibility":"","ast-main-header-display":"","ast-hfb-above-header-display":"","ast-hfb-below-header-display":"","ast-hfb-mobile-header-display":"","site-post-title":"","ast-breadcrumbs-content":"","ast-featured-img":"","footer-sml-layout":"","theme-transparent-header-meta":"","adv-header-id-meta":"","stick-header-meta":"","header-above-stick-meta":"","header-main-stick-meta":"","header-below-stick-meta":"","footnotes":""},"class_list":["post-16670","page","type-page","status-publish","hentry"],"_links":{"self":[{"href":"https:\/\/www.akita-minzoku-geino.jp\/archives\/wp-json\/wp\/v2\/pages\/16670","targetHints":{"allow":["GET"]}}],"collection":[{"href":"https:\/\/www.akita-minzoku-geino.jp\/archives\/wp-json\/wp\/v2\/pages"}],"about":[{"href":"https:\/\/www.akita-minzoku-geino.jp\/archives\/wp-json\/wp\/v2\/types\/page"}],"author":[{"embeddable":true,"href":"https:\/\/www.akita-minzoku-geino.jp\/archives\/wp-json\/wp\/v2\/users\/3"}],"replies":[{"embeddable":true,"href":"https:\/\/www.akita-minzoku-geino.jp\/archives\/wp-json\/wp\/v2\/comments?post=16670"}],"version-history":[{"count":0,"href":"https:\/\/www.akita-minzoku-geino.jp\/archives\/wp-json\/wp\/v2\/pages\/16670\/revisions"}],"wp:attachment":[{"href":"https:\/\/www.akita-minzoku-geino.jp\/archives\/wp-json\/wp\/v2\/media?parent=16670"}],"curies":[{"name":"wp","href":"https:\/\/api.w.org\/{rel}","templated":true}]}}