{"id":16671,"date":"2021-03-08T13:43:06","date_gmt":"2021-03-08T04:43:06","guid":{"rendered":"https:\/\/www.akita-minzoku-geino.jp\/archives\/furyu"},"modified":"2021-06-14T14:21:34","modified_gmt":"2021-06-14T05:21:34","slug":"furyu","status":"publish","type":"page","link":"https:\/\/www.akita-minzoku-geino.jp\/archives\/furyu\/","title":{"rendered":"Furyu\u0304"},"content":{"rendered":"<p>Furyu\u0304 is a generic term to designate charming ornaments or gestures, and as a category of performance arts it means performances with curiosity, interest, and anything to surprise and entertain the spectators. It thus covers a wide range of performance arts, including Shagiri, Gannin Dance, Rice Cake-Making Dance, Ondo, Sake-Brewing Dance, and singing events. Many furyu\u0304 performances have been passed down to date with shrine festivals. They tend to exaggerate the appearance or movement and become more gorgeous. Yasuji Honda classifies furyu\u0304 into Neri-Furyu\u0304, Disguise-Furyu\u0304, Tsukurimono-Furyu\u0304, Plague-God-Furyu\u0304, Dengaku-Furyu\u0304, Nenbutsu-Dance, and Kouta-Dance.<\/p>\n<p><a href=\"https:\/\/www.akita-minzoku-geino.jp\/archives\/1939-2\">Shagiri of Nakabashi<\/a><br \/>\n<a href=\"https:\/\/www.akita-minzoku-geino.jp\/archives\/1954-2\">Nagamine Hachiman Shrine Sakibarai Dance<\/a><br \/>\n<a href=\"https:\/\/www.akita-minzoku-geino.jp\/archives\/1985-2\">Karame-Bushi Kanayama-Dance<\/a><br \/>\n<a href=\"https:\/\/www.akita-minzoku-geino.jp\/archives\/2001-2\">Yuze Shinmei Shrine Sakibarai Dance<\/a><br \/>\n<a href=\"https:\/\/www.akita-minzoku-geino.jp\/archives\/2122-2\">Taninai Amaterasu Sumemioya Shrine Sakibarai Dance<\/a><br \/>\n<a href=\"https:\/\/www.akita-minzoku-geino.jp\/archives\/2127-2\">\u014csato Kawara Inari Shrine Sakibarai Dance<\/a><br \/>\n<a href=\"https:\/\/www.akita-minzoku-geino.jp\/archives\/2143-2\">\u014csawa S\u014dshimai (\u014csawa Strongmen\u2019s Dance)<\/a><br \/>\n<a href=\"https:\/\/www.akita-minzoku-geino.jp\/archives\/2162-2\">Ani Karame Bushi<\/a><br \/>\n<a href=\"https:\/\/www.akita-minzoku-geino.jp\/archives\/2170-2\">Karakaranzu<\/a><br \/>\n<a href=\"https:\/\/www.akita-minzoku-geino.jp\/archives\/2178-2\">Town Dance of Hanawa<\/a><br \/>\n<a href=\"https:\/\/www.akita-minzoku-geino.jp\/archives\/2213-2\">Kumo Mai (Spider Dance)<\/a><br \/>\n<a href=\"https:\/\/www.akita-minzoku-geino.jp\/archives\/2256-2\">Tashiro Bon Dance<\/a><br \/>\n<a href=\"https:\/\/www.akita-minzoku-geino.jp\/archives\/2259-2\">Hataya Yakko Dance<\/a><br \/>\n<a href=\"https:\/\/www.akita-minzoku-geino.jp\/archives\/2275-2\">Shimobu Street Dance<\/a><br \/>\n<a href=\"https:\/\/www.akita-minzoku-geino.jp\/archives\/2709-2\">Hanawa Neputa<\/a><br \/>\n<a href=\"https:\/\/www.akita-minzoku-geino.jp\/archives\/2768-2\">Hata Inari Shrine Shagiri<\/a><br \/>\n<a href=\"https:\/\/www.akita-minzoku-geino.jp\/archives\/2855-2\">Kushi Shrin Shagiri<\/a><br \/>\n<a href=\"https:\/\/www.akita-minzoku-geino.jp\/archives\/3954-2\">Menagata Street Dance Music<\/a><br \/>\n<a href=\"https:\/\/www.akita-minzoku-geino.jp\/archives\/3969-2\">Gannin Dance<\/a><br \/>\n<a href=\"https:\/\/www.akita-minzoku-geino.jp\/archives\/4293-2\">Akata Shagiri<\/a><br \/>\n<a href=\"https:\/\/www.akita-minzoku-geino.jp\/archives\/4305-2\">Rice Cake-Making Dance<\/a><br \/>\n<a href=\"https:\/\/www.akita-minzoku-geino.jp\/archives\/4942-2\">Kasuda Sake Brewing Dance<\/a><br \/>\n<a href=\"https:\/\/www.akita-minzoku-geino.jp\/archives\/4958-2\">Kanezawa Hachiman Shrine Singing Event<\/a><br \/>\n<a href=\"https:\/\/www.akita-minzoku-geino.jp\/archives\/5402-2\">Memeki Bayashi<\/a><br \/>\n<a href=\"https:\/\/www.akita-minzoku-geino.jp\/archives\/5440-2\">Kumano Shrine Impromptu Song Festival<\/a><br \/>\n<a href=\"https:\/\/www.akita-minzoku-geino.jp\/archives\/55-2\">Ishiwaki Sanbutsu<\/a><br \/>\n<a href=\"https:\/\/www.akita-minzoku-geino.jp\/archives\/6008-2\">Asahiokayama Shrine Past-Midnight Impromptu Song Festival (Morning Dew Stepping Sacred Rituals)<\/a><br \/>\n<a href=\"https:\/\/www.akita-minzoku-geino.jp\/archives\/6015-2\">White Heron Dance<\/a><br \/>\n<a href=\"https:\/\/www.akita-minzoku-geino.jp\/archives\/602-2\">Saisai, Akita Dance Song, and Nagamochi Song<\/a><br \/>\n<a href=\"https:\/\/www.akita-minzoku-geino.jp\/archives\/6231-2\">Performance Arts of Tonami Shrine<\/a><br \/>\n<a href=\"https:\/\/www.akita-minzoku-geino.jp\/archives\/6282-2\">Gomihori Rice Cake-Making Dance<\/a><br \/>\n<a href=\"https:\/\/www.akita-minzoku-geino.jp\/archives\/720-2\">Tenjin Ayatori<\/a><br \/>\n<a href=\"https:\/\/www.akita-minzoku-geino.jp\/archives\/746-2\">Kaizawa Karausu-Karami<\/a><br \/>\n<a href=\"https:\/\/www.akita-minzoku-geino.jp\/archives\/843-2\">Shagiri of Kita-Fukuda<\/a><\/p>\n","protected":false},"excerpt":{"rendered":"<p>Furyu\u0304 is a generic term to designate charming ornaments or gestures, and as a category of performance arts it means performances with curiosity, interest, and anything to surprise and entertain the spectators. It thus covers a wide range of performance arts, including Shagiri, Gannin Dance, Rice Cake-Making Dance, Ondo, Sake-Brewing Dance, and singing events. Many &hellip;<\/p>\n<p class=\"read-more\"> <a class=\"\" href=\"https:\/\/www.akita-minzoku-geino.jp\/archives\/furyu\/\"> <span class=\"screen-reader-text\">Furyu\u0304<\/span> Read More &raquo;<\/a><\/p>\n","protected":false},"author":3,"featured_media":0,"parent":0,"menu_order":0,"comment_status":"closed","ping_status":"closed","template":"","meta":{"site-sidebar-layout":"default","site-content-layout":"default","ast-global-header-display":"","ast-banner-title-visibility":"","ast-main-header-display":"","ast-hfb-above-header-display":"","ast-hfb-below-header-display":"","ast-hfb-mobile-header-display":"","site-post-title":"","ast-breadcrumbs-content":"","ast-featured-img":"","footer-sml-layout":"","theme-transparent-header-meta":"","adv-header-id-meta":"","stick-header-meta":"","header-above-stick-meta":"","header-main-stick-meta":"","header-below-stick-meta":"","footnotes":""},"class_list":["post-16671","page","type-page","status-publish","hentry"],"_links":{"self":[{"href":"https:\/\/www.akita-minzoku-geino.jp\/archives\/wp-json\/wp\/v2\/pages\/16671","targetHints":{"allow":["GET"]}}],"collection":[{"href":"https:\/\/www.akita-minzoku-geino.jp\/archives\/wp-json\/wp\/v2\/pages"}],"about":[{"href":"https:\/\/www.akita-minzoku-geino.jp\/archives\/wp-json\/wp\/v2\/types\/page"}],"author":[{"embeddable":true,"href":"https:\/\/www.akita-minzoku-geino.jp\/archives\/wp-json\/wp\/v2\/users\/3"}],"replies":[{"embeddable":true,"href":"https:\/\/www.akita-minzoku-geino.jp\/archives\/wp-json\/wp\/v2\/comments?post=16671"}],"version-history":[{"count":0,"href":"https:\/\/www.akita-minzoku-geino.jp\/archives\/wp-json\/wp\/v2\/pages\/16671\/revisions"}],"wp:attachment":[{"href":"https:\/\/www.akita-minzoku-geino.jp\/archives\/wp-json\/wp\/v2\/media?parent=16671"}],"curies":[{"name":"wp","href":"https:\/\/api.w.org\/{rel}","templated":true}]}}